{"id":907,"date":"2024-11-09T08:11:12","date_gmt":"2024-11-09T06:11:12","guid":{"rendered":"http:\/\/varmetek.ro\/?page_id=907"},"modified":"2024-11-09T18:28:28","modified_gmt":"2024-11-09T16:28:28","slug":"despre-noi","status":"publish","type":"page","link":"https:\/\/varmetek.ro\/?page_id=907","title":{"rendered":"Despre Noi"},"content":{"rendered":"\t\t<div data-elementor-type=\"wp-page\" data-elementor-id=\"907\" class=\"elementor elementor-907\">\n\t\t\t\t\t\t<section class=\"elementor-section elementor-top-section elementor-element elementor-element-81d6715 elementor-section-boxed elementor-section-height-default elementor-section-height-default\" data-id=\"81d6715\" data-element_type=\"section\">\n\t\t\t\t\t\t<div class=\"elementor-container elementor-column-gap-default\">\n\t\t\t\t\t<div class=\"elementor-column elementor-col-100 elementor-top-column elementor-element elementor-element-6a1186b\" data-id=\"6a1186b\" data-element_type=\"column\">\n\t\t\t<div class=\"elementor-widget-wrap elementor-element-populated\">\n\t\t\t\t\t\t<div class=\"elementor-element elementor-element-e873c60 elementor-widget elementor-widget-image\" data-id=\"e873c60\" data-element_type=\"widget\" data-widget_type=\"image.default\">\n\t\t\t\t<div class=\"elementor-widget-container\">\n\t\t\t\t\t\t\t\t\t\t\t\t\t\t\t<img fetchpriority=\"high\" decoding=\"async\" width=\"4360\" height=\"576\" src=\"https:\/\/varmetek.ro\/wp-content\/uploads\/2020\/12\/floral-ornamented-divider1.png\" class=\"attachment-full size-full wp-image-34\" alt=\"\" srcset=\"https:\/\/varmetek.ro\/wp-content\/uploads\/2020\/12\/floral-ornamented-divider1.png 4360w, https:\/\/varmetek.ro\/wp-content\/uploads\/2020\/12\/floral-ornamented-divider1-300x40.png 300w, https:\/\/varmetek.ro\/wp-content\/uploads\/2020\/12\/floral-ornamented-divider1-1024x135.png 1024w, https:\/\/varmetek.ro\/wp-content\/uploads\/2020\/12\/floral-ornamented-divider1-768x101.png 768w, https:\/\/varmetek.ro\/wp-content\/uploads\/2020\/12\/floral-ornamented-divider1-1536x203.png 1536w, https:\/\/varmetek.ro\/wp-content\/uploads\/2020\/12\/floral-ornamented-divider1-2048x271.png 2048w\" sizes=\"(max-width: 4360px) 100vw, 4360px\" \/>\t\t\t\t\t\t\t\t\t\t\t\t\t\t\t<\/div>\n\t\t\t\t<\/div>\n\t\t\t\t\t<\/div>\n\t\t<\/div>\n\t\t\t\t\t<\/div>\n\t\t<\/section>\n\t\t\t\t<section class=\"elementor-section elementor-top-section elementor-element elementor-element-4b8109d elementor-section-boxed elementor-section-height-default elementor-section-height-default\" data-id=\"4b8109d\" data-element_type=\"section\">\n\t\t\t\t\t\t<div class=\"elementor-container elementor-column-gap-default\">\n\t\t\t\t\t<div class=\"elementor-column elementor-col-100 elementor-top-column elementor-element elementor-element-6e2ac6b\" data-id=\"6e2ac6b\" data-element_type=\"column\">\n\t\t\t<div class=\"elementor-widget-wrap elementor-element-populated\">\n\t\t\t\t\t\t<div class=\"elementor-element elementor-element-5a0d38f elementor-widget-mobile__width-initial elementor-widget elementor-widget-text-editor\" data-id=\"5a0d38f\" data-element_type=\"widget\" data-widget_type=\"text-editor.default\">\n\t\t\t\t<div class=\"elementor-widget-container\">\n\t\t\t\t\t\t\t\t\t<p><strong>Varmetek Consult<\/strong> este o companie romaneasc\u0103, din ora\u0219ul Boto\u0219ani, \u00eenfiin\u021bat\u0103 \u00een anul 2020 \u0219i se ocup\u0103 \u00een mod special de activit\u0103\u021bi de inginerie \u0219i consultan\u021b\u0103 tehnic\u0103 legate de acestea.<\/p><p>Daca doriti externalizarea serviciului ofertare\/licitatii, inclusiv acordarea de sprijin \u00een perioada de execu\u021bie prin activitatea de \u00eentocmire de situa\u021bii de plat\u0103, VARMETEK CONSULT va ofera urmatoarele servicii de consultan\u021b\u0103 \u0219i management:<br \/>1.\u00centocmire devize \u0219i documentatii pentru participarea la licitatii si cereri de oferta pentru lucr\u0103ri de construc\u021bii civile \u0219i industriale noi sau reparatii, irigatii ANIF, instala\u021bii gaze naturale, retele apa si canalizare, lucr\u0103ri de infrastructura drumuri \u0219i poduri.<br \/>2.Realizarea documentatiei complete pentru participarea la licita\u021bii publice \u00eencep\u00e2nd cu documentele de precalificare\/calificare,<br \/>3.Intocmirea ofertei tehnice, conform specifica\u021biilor fi\u0219ei de date publicate<br \/>4.Intocmirea ofertei financiare conform cerin\u021belor \u0219i solicit\u0103rilor dumneavoastr\u0103.<br \/>In acest sens vom realiza urm\u0103toarele tipuri de rapoarte:<br \/>\u2022 F1 \u2013 Centralizatorul cheltuielilor pe obiectiv;<br \/>\u2022 F2 \u2013 Centralizatorul cheltuielilor pe categorii de lucrari, pe obiecte;<br \/>\u2022 F3 \u2013 Lista cu cantitati de lucrari pe categorii de lucrari;<br \/>\u2022 F4 \u2013 Lista cu cantitati de utilaje si echipamente tehnologice;<br \/>\u2022 F5 \u2013 Fisa tehnica a utilajului;<br \/>\u2022 F6 \u2013 Grafic general de realizare a investitiei publice;<br \/>\u2022 C6 \u2013 Lista consumurilor de resurse de material;<br \/>\u2022 C7 \u2013 Lista consumurilor cu mana de lucru;<br \/>\u2022 C8 \u2013 Lista consumurilor de ore de functionare a utilajelor de constructii;<br \/>\u2022 C9 \u2013 Lista consumurilor privind transporturile.<br \/>5.Analiza proiectului tehnic prin elaborarea activit\u0103\u021bilor, stabilirea corect\u0103 a categoriilor de lucr\u0103ri, \u00eencadrarea lucr\u0103rilor conform proiect tehnic.<br \/>6. Acordarea de sprijin \u00een perioada de execu\u021bie prin activitatea de \u00eentocmire de situa\u021bii de plat\u0103 cu eventualele NR-uri, NCS-uri.<br \/>7.Intocmirea valorii estimate in vederea obtinerii finantarii, a lucrarilor pentru licitatii in faza de SF si PT.<\/p><p><strong>Copyright@ 2021 Varmetek Consulting S.R.L. \u2013 CUI : 42497780 \u2013 J07\/227\/2020<\/strong><\/p>\t\t\t\t\t\t\t\t<\/div>\n\t\t\t\t<\/div>\n\t\t\t\t\t<\/div>\n\t\t<\/div>\n\t\t\t\t\t<\/div>\n\t\t<\/section>\n\t\t\t\t<section class=\"elementor-section elementor-top-section elementor-element elementor-element-2de9b36 elementor-section-boxed elementor-section-height-default elementor-section-height-default\" data-id=\"2de9b36\" data-element_type=\"section\">\n\t\t\t\t\t\t<div class=\"elementor-container elementor-column-gap-default\">\n\t\t\t\t\t<div class=\"elementor-column elementor-col-100 elementor-top-column elementor-element elementor-element-6175d6b\" data-id=\"6175d6b\" data-element_type=\"column\">\n\t\t\t<div class=\"elementor-widget-wrap elementor-element-populated\">\n\t\t\t\t\t\t<div class=\"elementor-element elementor-element-16cc4f6 elementor-widget elementor-widget-image\" data-id=\"16cc4f6\" data-element_type=\"widget\" data-widget_type=\"image.default\">\n\t\t\t\t<div class=\"elementor-widget-container\">\n\t\t\t\t\t\t\t\t\t\t\t\t\t\t\t<img decoding=\"async\" width=\"400\" height=\"400\" src=\"https:\/\/varmetek.ro\/wp-content\/uploads\/2020\/12\/6645600_preview.png\" class=\"attachment-large size-large wp-image-200\" alt=\"\" srcset=\"https:\/\/varmetek.ro\/wp-content\/uploads\/2020\/12\/6645600_preview.png 400w, https:\/\/varmetek.ro\/wp-content\/uploads\/2020\/12\/6645600_preview-300x300.png 300w, https:\/\/varmetek.ro\/wp-content\/uploads\/2020\/12\/6645600_preview-150x150.png 150w\" sizes=\"(max-width: 400px) 100vw, 400px\" \/>\t\t\t\t\t\t\t\t\t\t\t\t\t\t\t<\/div>\n\t\t\t\t<\/div>\n\t\t\t\t\t<\/div>\n\t\t<\/div>\n\t\t\t\t\t<\/div>\n\t\t<\/section>\n\t\t\t\t<\/div>\n\t\t","protected":false},"excerpt":{"rendered":"<p>Varmetek Consult este o companie romaneasc\u0103, din ora\u0219ul Boto\u0219ani, \u00eenfiin\u021bat\u0103 \u00een anul 2020 \u0219i se ocup\u0103 \u00een mod special de activit\u0103\u021bi de inginerie \u0219i consultan\u021b\u0103 tehnic\u0103 legate de acestea. Daca doriti externalizarea serviciului ofertare\/licitatii, inclusiv acordarea de sprijin \u00een perioada de execu\u021bie prin activitatea de \u00eentocmire de situa\u021bii de plat\u0103, VARMETEK CONSULT va ofera urmatoarele [&hellip;]<\/p>\n","protected":false},"author":1,"featured_media":0,"parent":0,"menu_order":2,"comment_status":"closed","ping_status":"closed","template":"","meta":{"site-sidebar-layout":"no-sidebar","site-content-layout":"page-builder","ast-site-content-layout":"","site-content-style":"default","site-sidebar-style":"default","ast-global-header-display":"","ast-banner-title-visibility":"","ast-main-header-display":"","ast-hfb-above-header-display":"","ast-hfb-below-header-display":"","ast-hfb-mobile-header-display":"","site-post-title":"disabled","ast-breadcrumbs-content":"","ast-featured-img":"disabled","footer-sml-layout":"","theme-transparent-header-meta":"default","adv-header-id-meta":"","stick-header-meta":"","header-above-stick-meta":"","header-main-stick-meta":"","header-below-stick-meta":"","astra-migrate-meta-layouts":"default","ast-page-background-enabled":"default","ast-page-background-meta":{"desktop":{"background-color":"var(--ast-global-color-4)","background-image":"","background-repeat":"repeat","background-position":"center center","background-size":"auto","background-attachment":"scroll","background-type":"","background-media":"","overlay-type":"","overlay-color":"","overlay-opacity":"","overlay-gradient":""},"tablet":{"background-color":"","background-image":"","background-repeat":"repeat","background-position":"center center","background-size":"auto","background-attachment":"scroll","background-type":"","background-media":"","overlay-type":"","overlay-color":"","overlay-opacity":"","overlay-gradient":""},"mobile":{"background-color":"","background-image":"","background-repeat":"repeat","background-position":"center center","background-size":"auto","background-attachment":"scroll","background-type":"","background-media":"","overlay-type":"","overlay-color":"","overlay-opacity":"","overlay-gradient":""}},"ast-content-background-meta":{"desktop":{"background-color":"var(--ast-global-color-5)","background-image":"","background-repeat":"repeat","background-position":"center center","background-size":"auto","background-attachment":"scroll","background-type":"","background-media":"","overlay-type":"","overlay-color":"","overlay-opacity":"","overlay-gradient":""},"tablet":{"background-color":"var(--ast-global-color-5)","background-image":"","background-repeat":"repeat","background-position":"center center","background-size":"auto","background-attachment":"scroll","background-type":"","background-media":"","overlay-type":"","overlay-color":"","overlay-opacity":"","overlay-gradient":""},"mobile":{"background-color":"var(--ast-global-color-5)","background-image":"","background-repeat":"repeat","background-position":"center center","background-size":"auto","background-attachment":"scroll","background-type":"","background-media":"","overlay-type":"","overlay-color":"","overlay-opacity":"","overlay-gradient":""}},"footnotes":""},"class_list":["post-907","page","type-page","status-publish","hentry"],"yoast_head":"<!-- This site is optimized with the Yoast SEO plugin v24.7 - https:\/\/yoast.com\/wordpress\/plugins\/seo\/ -->\n<title>Despre Noi - Varmetek Consult<\/title>\n<meta name=\"robots\" content=\"index, follow, max-snippet:-1, max-image-preview:large, max-video-preview:-1\" \/>\n<link rel=\"canonical\" href=\"https:\/\/varmetek.ro\/?page_id=907\" \/>\n<meta property=\"og:locale\" content=\"ro_RO\" \/>\n<meta property=\"og:type\" content=\"article\" \/>\n<meta property=\"og:title\" content=\"Despre Noi - Varmetek Consult\" \/>\n<meta property=\"og:description\" content=\"Varmetek Consult este o companie romaneasc\u0103, din ora\u0219ul Boto\u0219ani, \u00eenfiin\u021bat\u0103 \u00een anul 2020 \u0219i se ocup\u0103 \u00een mod special de activit\u0103\u021bi de inginerie \u0219i consultan\u021b\u0103 tehnic\u0103 legate de acestea. Daca doriti externalizarea serviciului ofertare\/licitatii, inclusiv acordarea de sprijin \u00een perioada de execu\u021bie prin activitatea de \u00eentocmire de situa\u021bii de plat\u0103, VARMETEK CONSULT va ofera urmatoarele [&hellip;]\" \/>\n<meta property=\"og:url\" content=\"https:\/\/varmetek.ro\/?page_id=907\" \/>\n<meta property=\"og:site_name\" content=\"Varmetek Consult\" \/>\n<meta property=\"article:modified_time\" content=\"2024-11-09T16:28:28+00:00\" \/>\n<meta property=\"og:image\" content=\"http:\/\/varmetek.ro\/wp-content\/uploads\/2020\/12\/floral-ornamented-divider1.png\" \/>\n<meta name=\"twitter:card\" content=\"summary_large_image\" \/>\n<meta name=\"twitter:label1\" content=\"Timp estimat pentru citire\" \/>\n\t<meta name=\"twitter:data1\" content=\"2 minute\" \/>\n<script type=\"application\/ld+json\" class=\"yoast-schema-graph\">{\"@context\":\"https:\/\/schema.org\",\"@graph\":[{\"@type\":\"WebPage\",\"@id\":\"https:\/\/varmetek.ro\/?page_id=907\",\"url\":\"https:\/\/varmetek.ro\/?page_id=907\",\"name\":\"Despre Noi - Varmetek Consult\",\"isPartOf\":{\"@id\":\"https:\/\/varmetek.ro\/#website\"},\"primaryImageOfPage\":{\"@id\":\"https:\/\/varmetek.ro\/?page_id=907#primaryimage\"},\"image\":{\"@id\":\"https:\/\/varmetek.ro\/?page_id=907#primaryimage\"},\"thumbnailUrl\":\"http:\/\/varmetek.ro\/wp-content\/uploads\/2020\/12\/floral-ornamented-divider1.png\",\"datePublished\":\"2024-11-09T06:11:12+00:00\",\"dateModified\":\"2024-11-09T16:28:28+00:00\",\"breadcrumb\":{\"@id\":\"https:\/\/varmetek.ro\/?page_id=907#breadcrumb\"},\"inLanguage\":\"ro-RO\",\"potentialAction\":[{\"@type\":\"ReadAction\",\"target\":[\"https:\/\/varmetek.ro\/?page_id=907\"]}]},{\"@type\":\"ImageObject\",\"inLanguage\":\"ro-RO\",\"@id\":\"https:\/\/varmetek.ro\/?page_id=907#primaryimage\",\"url\":\"https:\/\/varmetek.ro\/wp-content\/uploads\/2020\/12\/floral-ornamented-divider1.png\",\"contentUrl\":\"https:\/\/varmetek.ro\/wp-content\/uploads\/2020\/12\/floral-ornamented-divider1.png\",\"width\":4360,\"height\":576},{\"@type\":\"BreadcrumbList\",\"@id\":\"https:\/\/varmetek.ro\/?page_id=907#breadcrumb\",\"itemListElement\":[{\"@type\":\"ListItem\",\"position\":1,\"name\":\"Prima pagin\u0103\",\"item\":\"https:\/\/varmetek.ro\/\"},{\"@type\":\"ListItem\",\"position\":2,\"name\":\"Despre Noi\"}]},{\"@type\":\"WebSite\",\"@id\":\"https:\/\/varmetek.ro\/#website\",\"url\":\"https:\/\/varmetek.ro\/\",\"name\":\"www.varmetek.ro\",\"description\":\"consulting\",\"publisher\":{\"@id\":\"https:\/\/varmetek.ro\/#organization\"},\"potentialAction\":[{\"@type\":\"SearchAction\",\"target\":{\"@type\":\"EntryPoint\",\"urlTemplate\":\"https:\/\/varmetek.ro\/?s={search_term_string}\"},\"query-input\":{\"@type\":\"PropertyValueSpecification\",\"valueRequired\":true,\"valueName\":\"search_term_string\"}}],\"inLanguage\":\"ro-RO\"},{\"@type\":\"Organization\",\"@id\":\"https:\/\/varmetek.ro\/#organization\",\"name\":\"S.C. Varmetek Consult S.R.L.\",\"url\":\"https:\/\/varmetek.ro\/\",\"logo\":{\"@type\":\"ImageObject\",\"inLanguage\":\"ro-RO\",\"@id\":\"https:\/\/varmetek.ro\/#\/schema\/logo\/image\/\",\"url\":\"http:\/\/varmetek.ro\/wp-content\/uploads\/2021\/01\/varmetek-consult1.jpg\",\"contentUrl\":\"http:\/\/varmetek.ro\/wp-content\/uploads\/2021\/01\/varmetek-consult1.jpg\",\"width\":1656,\"height\":894,\"caption\":\"S.C. Varmetek Consult S.R.L.\"},\"image\":{\"@id\":\"https:\/\/varmetek.ro\/#\/schema\/logo\/image\/\"}}]}<\/script>\n<!-- \/ Yoast SEO plugin. -->","yoast_head_json":{"title":"Despre Noi - Varmetek Consult","robots":{"index":"index","follow":"follow","max-snippet":"max-snippet:-1","max-image-preview":"max-image-preview:large","max-video-preview":"max-video-preview:-1"},"canonical":"https:\/\/varmetek.ro\/?page_id=907","og_locale":"ro_RO","og_type":"article","og_title":"Despre Noi - Varmetek Consult","og_description":"Varmetek Consult este o companie romaneasc\u0103, din ora\u0219ul Boto\u0219ani, \u00eenfiin\u021bat\u0103 \u00een anul 2020 \u0219i se ocup\u0103 \u00een mod special de activit\u0103\u021bi de inginerie \u0219i consultan\u021b\u0103 tehnic\u0103 legate de acestea. Daca doriti externalizarea serviciului ofertare\/licitatii, inclusiv acordarea de sprijin \u00een perioada de execu\u021bie prin activitatea de \u00eentocmire de situa\u021bii de plat\u0103, VARMETEK CONSULT va ofera urmatoarele [&hellip;]","og_url":"https:\/\/varmetek.ro\/?page_id=907","og_site_name":"Varmetek Consult","article_modified_time":"2024-11-09T16:28:28+00:00","og_image":[{"url":"http:\/\/varmetek.ro\/wp-content\/uploads\/2020\/12\/floral-ornamented-divider1.png","type":"","width":"","height":""}],"twitter_card":"summary_large_image","twitter_misc":{"Timp estimat pentru citire":"2 minute"},"schema":{"@context":"https:\/\/schema.org","@graph":[{"@type":"WebPage","@id":"https:\/\/varmetek.ro\/?page_id=907","url":"https:\/\/varmetek.ro\/?page_id=907","name":"Despre Noi - Varmetek Consult","isPartOf":{"@id":"https:\/\/varmetek.ro\/#website"},"primaryImageOfPage":{"@id":"https:\/\/varmetek.ro\/?page_id=907#primaryimage"},"image":{"@id":"https:\/\/varmetek.ro\/?page_id=907#primaryimage"},"thumbnailUrl":"http:\/\/varmetek.ro\/wp-content\/uploads\/2020\/12\/floral-ornamented-divider1.png","datePublished":"2024-11-09T06:11:12+00:00","dateModified":"2024-11-09T16:28:28+00:00","breadcrumb":{"@id":"https:\/\/varmetek.ro\/?page_id=907#breadcrumb"},"inLanguage":"ro-RO","potentialAction":[{"@type":"ReadAction","target":["https:\/\/varmetek.ro\/?page_id=907"]}]},{"@type":"ImageObject","inLanguage":"ro-RO","@id":"https:\/\/varmetek.ro\/?page_id=907#primaryimage","url":"https:\/\/varmetek.ro\/wp-content\/uploads\/2020\/12\/floral-ornamented-divider1.png","contentUrl":"https:\/\/varmetek.ro\/wp-content\/uploads\/2020\/12\/floral-ornamented-divider1.png","width":4360,"height":576},{"@type":"BreadcrumbList","@id":"https:\/\/varmetek.ro\/?page_id=907#breadcrumb","itemListElement":[{"@type":"ListItem","position":1,"name":"Prima pagin\u0103","item":"https:\/\/varmetek.ro\/"},{"@type":"ListItem","position":2,"name":"Despre Noi"}]},{"@type":"WebSite","@id":"https:\/\/varmetek.ro\/#website","url":"https:\/\/varmetek.ro\/","name":"www.varmetek.ro","description":"consulting","publisher":{"@id":"https:\/\/varmetek.ro\/#organization"},"potentialAction":[{"@type":"SearchAction","target":{"@type":"EntryPoint","urlTemplate":"https:\/\/varmetek.ro\/?s={search_term_string}"},"query-input":{"@type":"PropertyValueSpecification","valueRequired":true,"valueName":"search_term_string"}}],"inLanguage":"ro-RO"},{"@type":"Organization","@id":"https:\/\/varmetek.ro\/#organization","name":"S.C. Varmetek Consult S.R.L.","url":"https:\/\/varmetek.ro\/","logo":{"@type":"ImageObject","inLanguage":"ro-RO","@id":"https:\/\/varmetek.ro\/#\/schema\/logo\/image\/","url":"http:\/\/varmetek.ro\/wp-content\/uploads\/2021\/01\/varmetek-consult1.jpg","contentUrl":"http:\/\/varmetek.ro\/wp-content\/uploads\/2021\/01\/varmetek-consult1.jpg","width":1656,"height":894,"caption":"S.C. Varmetek Consult S.R.L."},"image":{"@id":"https:\/\/varmetek.ro\/#\/schema\/logo\/image\/"}}]}},"_links":{"self":[{"href":"https:\/\/varmetek.ro\/index.php?rest_route=\/wp\/v2\/pages\/907","targetHints":{"allow":["GET"]}}],"collection":[{"href":"https:\/\/varmetek.ro\/index.php?rest_route=\/wp\/v2\/pages"}],"about":[{"href":"https:\/\/varmetek.ro\/index.php?rest_route=\/wp\/v2\/types\/page"}],"author":[{"embeddable":true,"href":"https:\/\/varmetek.ro\/index.php?rest_route=\/wp\/v2\/users\/1"}],"replies":[{"embeddable":true,"href":"https:\/\/varmetek.ro\/index.php?rest_route=%2Fwp%2Fv2%2Fcomments&post=907"}],"version-history":[{"count":86,"href":"https:\/\/varmetek.ro\/index.php?rest_route=\/wp\/v2\/pages\/907\/revisions"}],"predecessor-version":[{"id":995,"href":"https:\/\/varmetek.ro\/index.php?rest_route=\/wp\/v2\/pages\/907\/revisions\/995"}],"wp:attachment":[{"href":"https:\/\/varmetek.ro\/index.php?rest_route=%2Fwp%2Fv2%2Fmedia&parent=907"}],"curies":[{"name":"wp","href":"https:\/\/api.w.org\/{rel}","templated":true}]}}